{"id":56,"date":"2017-06-23T15:15:39","date_gmt":"2017-06-23T15:15:39","guid":{"rendered":"http:\/\/www.elektromerkur.hr\/?page_id=56"},"modified":"2020-09-25T16:09:14","modified_gmt":"2020-09-25T16:09:14","slug":"naslovna","status":"publish","type":"page","link":"http:\/\/www.elektromerkur.hr\/en\/","title":{"rendered":"Elektro Merkur d.o.o. Home Page"},"content":{"rendered":"CTC Global\u2019s Free Conductor Comparison Program CCP\u2122 Software is Now Available Online<\/h2>\n<\/a><p class=\"home-datum\">28. November 2018.<\/p><p class=\"home-excerpt\">CTC Global and Elektro Merkur are pleased to announce that&nbsp; highly regarded&nbsp;Conductor Comparison Program (CCP\u2122) software&nbsp;is now available online, and is accessible at&nbsp;ccp.ctcglobal.com The new<\/p>\n<\/div>\n\n<div class=\"naslovna-istaknuto-single\">\n<a href=\"http:\/\/www.elektromerkur.hr\/en\/prva-instalacija-accc-vodica-u-hep-ods\/\">\n<div class=\"aktualno-naslovna-slika\"><img width=\"1280\" height=\"960\" src=\"http:\/\/www.elektromerkur.hr\/wordpress\/wp-content\/uploads\/2018\/11\/IMAG0338-1280x960-1.jpg\" class=\"attachment-full size-full wp-post-image\" alt=\"\" loading=\"lazy\" srcset=\"http:\/\/www.elektromerkur.hr\/wordpress\/wp-content\/uploads\/2018\/11\/IMAG0338-1280x960-1.jpg 1280w, http:\/\/www.elektromerkur.hr\/wordpress\/wp-content\/uploads\/2018\/11\/IMAG0338-1280x960-1-300x225.jpg 300w, http:\/\/www.elektromerkur.hr\/wordpress\/wp-content\/uploads\/2018\/11\/IMAG0338-1280x960-1-1024x768.jpg 1024w, http:\/\/www.elektromerkur.hr\/wordpress\/wp-content\/uploads\/2018\/11\/IMAG0338-1280x960-1-768x576.jpg 768w\" sizes=\"(max-width: 1280px) 100vw, 1280px\" \/><\/div>\n<h2> First installation of  ACCC\u00ae conductor in HEP DSO (Croatian distribution operator)<\/h2>\n<\/a><p class=\"home-datum\">27. November 2018.<\/p><p class=\"home-excerpt\">On May 21, 2018, the first installation of&nbsp; ACCC\u00ae conductor was started in HEP DSO in&nbsp; Elektrodalmacija Split, Makarska area. The classical conductor ASCR 120\/20<\/p>\n<\/div>\n\n<div class=\"naslovna-istaknuto-single\">\n<a href=\"http:\/\/www.elektromerkur.hr\/en\/1-instalacija-accc-vodica-u-srbiji\/\">\n<div class=\"aktualno-naslovna-slika\"><img width=\"2232\" height=\"1488\" src=\"http:\/\/www.elektromerkur.hr\/wordpress\/wp-content\/uploads\/2018\/10\/0.jpg\" class=\"attachment-full size-full wp-post-image\" alt=\"\" loading=\"lazy\" srcset=\"http:\/\/www.elektromerkur.hr\/wordpress\/wp-content\/uploads\/2018\/10\/0.jpg 2232w, http:\/\/www.elektromerkur.hr\/wordpress\/wp-content\/uploads\/2018\/10\/0-300x200.jpg 300w, http:\/\/www.elektromerkur.hr\/wordpress\/wp-content\/uploads\/2018\/10\/0-768x512.jpg 768w, http:\/\/www.elektromerkur.hr\/wordpress\/wp-content\/uploads\/2018\/10\/0-1024x683.jpg 1024w, http:\/\/www.elektromerkur.hr\/wordpress\/wp-content\/uploads\/2018\/10\/0-272x182.jpg 272w\" sizes=\"(max-width: 2232px) 100vw, 2232px\" \/><\/div>\n<h2>First installation of conductor ACCC\u00ae in Serbia<\/h2>\n<\/a><p class=\"home-datum\">19. October 2018.<\/p><p class=\"home-excerpt\">First installation of conductor ACCC \u00ae started on the October&nbsp; 10, 2018 in Serbia on the territory of town Vr\u0161ac. Except the supervision of the<\/p>\n<\/div>\n\n<div class=\"clearfix\">&nbsp;<\/div>\n<p><a id=\"ariva-novosti-tipka\" title=\"Elektro Merkur - Vi\u0161e informacija\" href=\"\/category\/novosti\/\">Arhiva novosti<\/a><\/p>\n<\/div>\n<div id=\"naslovna-onama-wrapper\">\n<div id=\"naslovna-onama-inner\">\n<h2>O nama<\/h2>\n<p><b>Elektro Merkur<\/b> je tvrtka specijalizirana za dobavu pomno izabranog asortiman kvalitetnih roba, opreme i usluga na podru\u010dju elektroenergetskih postrojenja, industrije i zgradarstva, uz maksimalnu odgovornost prema kupcu, dru\u0161tvu, okolini i sebi samima, uz po\u0161tivanje Zakonski obaveza, pravila struke i tehni\u010dkih standarda.<\/p>\n<div id=\"home-partneri-wrapper\"><a class=\"home-partner home-partner-1\" title=\"Elektro Merkur partner: CTC Global\" href=\"https:\/\/www.ctcglobal.com\/\" target=\"_blank\" rel=\"noopener noreferrer\"><img title=\"CTC Global - Elektro Merkur partner\" src=\"\/wordpress\/wp-content\/uploads\/2017\/10\/elektrpo-merkur-partner-ctc-global.png\" alt=\"Elektro Merkur partner - CTC Global\"><\/a><br \/>\n<a class=\"home-partner home-partner-2\" title=\"Elektro Merkur partner: Siemens\" href=\"http:\/\/www.siemens.com\/businesses\/hr\/hr\/\" target=\"_blank\" rel=\"noopener noreferrer\"><img title=\"Siemens - Elektro Merkur partner\" src=\"\/wordpress\/wp-content\/uploads\/2017\/10\/elektrpo-merkur-partner-ctc-siemens.png\" alt=\"Elektro Merkur partner - Siemens\"><\/a><br \/>\n<a class=\"home-partner home-partner-3\" title=\"Elektro Merkur partner: ABB\" href=\"http:\/\/new.abb.com\/hr\" target=\"_blank\" rel=\"noopener noreferrer\"><img title=\"ABB - Elektro Merkur partner\" src=\"\/wordpress\/wp-content\/uploads\/2017\/10\/elektrpo-merkur-partner-abb.png\" alt=\"Elektro Merkur partner - ABB\"><\/a><br \/>\n<a class=\"home-partner home-partner-4\" title=\"Elektro Merkur partner: Kon\u010dar EVA\" href=\"http:\/\/www.koncar-eva.hr\/\" target=\"_blank\" rel=\"noopener noreferrer\"><img title=\"Kon\u010dar EVA - Elektro Merkur partner\" src=\"\/wordpress\/wp-content\/uploads\/2017\/10\/elektrpo-merkur-partner-koncar-eva.png\" alt=\"Elektro Merkur partner - Kon\u010dar EVA\"><\/a><br \/>\n<a class=\"home-partner home-partner-5\" title=\"Elektro Merkur partner: Dalekovod\" href=\"http:\/\/www.dalekovod.com\/\" target=\"_blank\" rel=\"noopener noreferrer\"><img title=\"Dalekovod - Elektro Merkur partner\" src=\"\/wordpress\/wp-content\/uploads\/2017\/10\/elektrpo-merkur-partner-dalekovod.png\" alt=\"Elektro Merkur partner - Dalekovod\"><\/a><br \/>\n<a class=\"home-partner home-partner-6\" title=\"Elektro Merkur partner: Dalekovod proizvodnja\" href=\"http:\/\/www.dalekovod-proizvodnja.com\/\" target=\"_blank\" rel=\"noopener noreferrer\"><img title=\"Dalekovod proizvodnja - Elektro Merkur partner\" src=\"\/wordpress\/wp-content\/uploads\/2017\/10\/elektrpo-merkur-partner-dalekovod-proizvodnja.png\" alt=\"Elektro Merkur partner - Dalekovod proizvodnja\"><\/a><br \/>\n<a class=\"home-partner home-partner-7\" title=\"Elektro Merkur partner: Metal Product\" href=\"http:\/\/www.metal-product.hr\/\" target=\"_blank\" rel=\"noopener noreferrer\"><img title=\"Metal Product - Elektro Merkur partner\" src=\"\/wordpress\/wp-content\/uploads\/2017\/10\/elektrpo-merkur-partner-metalproduct.png\" alt=\"Elektro Merkur partner - Metal Product\"><\/a><br \/>\n<a class=\"home-partner home-partner-8\" title=\"Elektro Merkur partner: Kon\u010dar - Mjerni transformatori\" href=\"http:\/\/www.koncar-mjt.hr\/\" target=\"_blank\" rel=\"noopener noreferrer\"><img title=\"Kon\u010dar MT - Elektro Merkur partner\" src=\"\/wordpress\/wp-content\/uploads\/2017\/10\/elektrpo-merkur-partner-koncar-mjerni-transformatori.png\" alt=\"Elektro Merkur partner - Kon\u010dar MT\"><\/a><a class=\"home-partner home-partner-9\" title=\"Elektro Merkur partner: Kon\u010dar - Monta\u017eni in\u017eenjering\" href=\"http:\/\/www.koncar-kmi.hr\/\" target=\"_blank\" rel=\"noopener noreferrer\"><img title=\"Kon\u010dar MI - Elektro Merkur partner\" src=\"\/wordpress\/wp-content\/uploads\/2017\/10\/elektrpo-merkur-partner-koncar-montazni-inzenjering.png\" alt=\"Elektro Merkur partner - Kon\u010dar MI\"><\/a><a class=\"home-partner home-partner-11\" title=\"Elektro Merkur partner: Lamifil\" href=\"https:\/\/lamifil.be\/\" target=\"_blank\" rel=\"noopener noreferrer\"><img loading=\"lazy\" class=\"\" title=\"Lamifil - Elektro Merkur partner\" src=\"http:\/\/www.elektromerkur.hr\/wordpress\/wp-content\/uploads\/2017\/06\/lamifil-logo.png\" alt=\"Elektro Merkur partner - Lamifil\" width=\"406\" height=\"138\"><\/a><br \/>\n<a class=\"home-partner home-partner-11\" title=\"Elektro Merkur partner: EMTA\" href=\"http:\/\/emtakablo.com\/\" target=\"_blank\" rel=\"noopener noreferrer\"><img loading=\"lazy\" class=\"\" title=\"EMTA - Elektro Merkur partner\" src=\"http:\/\/www.elektromerkur.hr\/wordpress\/wp-content\/uploads\/2017\/06\/image_intro_emta.png\" alt=\"Elektro Merkur partner - EMTA\" width=\"135\" height=\"207\"><\/a><\/p>\n<div class=\"clearfix\">&nbsp;<\/div>\n<\/div>\n<p><a id=\"onama-tipka\" title=\"Elektro Merkur - Vi\u0161e informacija\" href=\"\/o-nama\/\">Vi\u0161e o nama<\/a><\/p>\n<\/div>\n<\/div>\n<div id=\"naslovna-accc-wrapper\">\n<div id=\"naslovna-accc-inner\">\n<h2>ACCC&nbsp;<sup>\u00ae<\/sup> vodi\u010d<\/h2>\n<div id=\"naslovna-accc-left\"><div id=\"metaslider-id-136\" style=\"width: 100%; margin: 0 auto;\" class=\"ml-slider-3-18-2 metaslider metaslider-flex metaslider-136 ml-slider nav-hidden\">\n    <div id=\"metaslider_container_136\">\n        <div id=\"metaslider_136\">\n            <ul aria-live=\"polite\" class=\"slides\">\n                <li style=\"display: block; width: 100%;\" class=\"slide-142 ms-image\"><img src=\"http:\/\/www.elektromerkur.hr\/wordpress\/wp-content\/uploads\/2017\/10\/acc-vodic-slide-1.jpg\" height=\"300\" width=\"500\" alt=\"\" class=\"slider-136 slide-142\" \/><\/li>\n                <li style=\"display: none; width: 100%;\" class=\"slide-143 ms-image\"><img src=\"http:\/\/www.elektromerkur.hr\/wordpress\/wp-content\/uploads\/2017\/10\/acc-vodic-slide-2.jpg\" height=\"300\" width=\"500\" alt=\"\" class=\"slider-136 slide-143\" \/><\/li>\n                <li style=\"display: none; width: 100%;\" class=\"slide-144 ms-image\"><img src=\"http:\/\/www.elektromerkur.hr\/wordpress\/wp-content\/uploads\/2017\/10\/acc-vodic-slide-3.jpg\" height=\"300\" width=\"500\" alt=\"\" class=\"slider-136 slide-144\" \/><\/li>\n                <li style=\"display: none; width: 100%;\" class=\"slide-141 ms-image\"><img src=\"http:\/\/www.elektromerkur.hr\/wordpress\/wp-content\/uploads\/2017\/10\/acc-vodic-slide-4.jpg\" height=\"300\" width=\"500\" alt=\"\" class=\"slider-136 slide-141\" \/><\/li>\n            <\/ul>\n        <\/div>\n        \n    <\/div>\n<\/div><\/div>\n<div id=\"naslovna-accc-right\">\n<p><b>ACCC&nbsp;<sup>\u00ae<\/sup> vodi\u010d<\/b> glavni je segment ponude tvrtke Elektro Merkur. ACCC&nbsp;<sup>\u00ae&nbsp;<\/sup>(Aluminum Conductor Composite Core) je naju\u010dinkovitiji vodi\u010d velike prijenosne mo\u0107i na svijetu. Tehnologija ACCC&nbsp;<sup>\u00ae<\/sup> vodi\u010da je razvijana od 2001 to 2005, a patentirana i komercijalizirana 2006. ACCC&nbsp;<sup>\u00ae<\/sup> je za\u0161ti\u0107eni znak tvrtke CTC Globala.<\/p>\n<p>Ovaj tip vodi\u010da je idealan za nove projekte i za projekte revitalizacije gdje se \u017eeli pove\u0107ati prijenosna mo\u0107 dalekovoda, kao i sigurnosne visine.<\/p>\n<div id=\"naslovna-accc-links\"><a id=\"accc-tipka\" title=\"Elektro Merkur - ACCC\u00ae vodi\u010d\" href=\"http:\/\/www.elektromerkur.hr\/accc-vodic\/\">Vi\u0161e o ACCC&nbsp;<sup>\u00ae<\/sup> vodi\u010du<\/a><a id=\"accc-tipka\" title=\"Elektro Merkur - ACCC\u00ae vodi\u010d bro\u0161ura\" href=\"http:\/\/www.elektromerkur.hr\/wordpress\/wp-content\/uploads\/2017\/10\/ACCC_Brochure_EM.pdf\">&nbsp;ACCC&nbsp;<sup>\u00ae<\/sup>vodi\u010d &#8211; Bro\u0161ura<\/a><\/div>\n<\/div>\n<div class=\"clearfix\">&nbsp;<\/div>\n<\/div>\n<\/div>\n\n<div id=\"istaknute-novosti-wrapper\">\n<h3>Recent News<\/h3>\n\n<div class=\"naslovna-istaknuto-single\">\n<a href=\"http:\/\/www.elektromerkur.hr\/en\/ccp-software-za-usporedbu-vodica\/\">\n<div class=\"aktualno-naslovna-slika\"><img width=\"832\" height=\"559\" src=\"http:\/\/www.elektromerkur.hr\/wordpress\/wp-content\/uploads\/2018\/11\/ccp-log-in.jpg\" class=\"attachment-full size-full wp-post-image\" alt=\"\" loading=\"lazy\" srcset=\"http:\/\/www.elektromerkur.hr\/wordpress\/wp-content\/uploads\/2018\/11\/ccp-log-in.jpg 832w, http:\/\/www.elektromerkur.hr\/wordpress\/wp-content\/uploads\/2018\/11\/ccp-log-in-300x202.jpg 300w, http:\/\/www.elektromerkur.hr\/wordpress\/wp-content\/uploads\/2018\/11\/ccp-log-in-768x516.jpg 768w, http:\/\/www.elektromerkur.hr\/wordpress\/wp-content\/uploads\/2018\/11\/ccp-log-in-272x182.jpg 272w\" sizes=\"(max-width: 832px) 100vw, 832px\" \/><\/div>\n<h2>CTC Global\u2019s Free Conductor Comparison Program CCP\u2122 Software is Now Available Online<\/h2>\n<\/a><p class=\"home-datum\">28. November 2018.<\/p><p class=\"home-excerpt\">CTC Global and Elektro Merkur are pleased to announce that&nbsp; highly regarded&nbsp;Conductor Comparison Program (CCP\u2122) software&nbsp;is now available online, and is accessible at&nbsp;ccp.ctcglobal.com The new<\/p>\n<\/div>\n\n<div class=\"naslovna-istaknuto-single\">\n<a href=\"http:\/\/www.elektromerkur.hr\/en\/prva-instalacija-accc-vodica-u-hep-ods\/\">\n<div class=\"aktualno-naslovna-slika\"><img width=\"1280\" height=\"960\" src=\"http:\/\/www.elektromerkur.hr\/wordpress\/wp-content\/uploads\/2018\/11\/IMAG0338-1280x960-1.jpg\" class=\"attachment-full size-full wp-post-image\" alt=\"\" loading=\"lazy\" srcset=\"http:\/\/www.elektromerkur.hr\/wordpress\/wp-content\/uploads\/2018\/11\/IMAG0338-1280x960-1.jpg 1280w, http:\/\/www.elektromerkur.hr\/wordpress\/wp-content\/uploads\/2018\/11\/IMAG0338-1280x960-1-300x225.jpg 300w, http:\/\/www.elektromerkur.hr\/wordpress\/wp-content\/uploads\/2018\/11\/IMAG0338-1280x960-1-1024x768.jpg 1024w, http:\/\/www.elektromerkur.hr\/wordpress\/wp-content\/uploads\/2018\/11\/IMAG0338-1280x960-1-768x576.jpg 768w\" sizes=\"(max-width: 1280px) 100vw, 1280px\" \/><\/div>\n<h2> First installation of  ACCC\u00ae conductor in HEP DSO (Croatian distribution operator)<\/h2>\n<\/a><p class=\"home-datum\">27. November 2018.<\/p><p class=\"home-excerpt\">On May 21, 2018, the first installation of&nbsp; ACCC\u00ae conductor was started in HEP DSO in&nbsp; Elektrodalmacija Split, Makarska area. The classical conductor ASCR 120\/20<\/p>\n<\/div>\n\n<div class=\"naslovna-istaknuto-single\">\n<a href=\"http:\/\/www.elektromerkur.hr\/en\/1-instalacija-accc-vodica-u-srbiji\/\">\n<div class=\"aktualno-naslovna-slika\"><img width=\"2232\" height=\"1488\" src=\"http:\/\/www.elektromerkur.hr\/wordpress\/wp-content\/uploads\/2018\/10\/0.jpg\" class=\"attachment-full size-full wp-post-image\" alt=\"\" loading=\"lazy\" srcset=\"http:\/\/www.elektromerkur.hr\/wordpress\/wp-content\/uploads\/2018\/10\/0.jpg 2232w, http:\/\/www.elektromerkur.hr\/wordpress\/wp-content\/uploads\/2018\/10\/0-300x200.jpg 300w, http:\/\/www.elektromerkur.hr\/wordpress\/wp-content\/uploads\/2018\/10\/0-768x512.jpg 768w, http:\/\/www.elektromerkur.hr\/wordpress\/wp-content\/uploads\/2018\/10\/0-1024x683.jpg 1024w, http:\/\/www.elektromerkur.hr\/wordpress\/wp-content\/uploads\/2018\/10\/0-272x182.jpg 272w\" sizes=\"(max-width: 2232px) 100vw, 2232px\" \/><\/div>\n<h2>First installation of conductor ACCC\u00ae in Serbia<\/h2>\n<\/a><p class=\"home-datum\">19. October 2018.<\/p><p class=\"home-excerpt\">First installation of conductor ACCC \u00ae started on the October&nbsp; 10, 2018 in Serbia on the territory of town Vr\u0161ac. Except the supervision of the<\/p>\n<\/div>\n\n<div class=\"clearfix\">&nbsp;<\/div>\n<p><a id=\"arhiva-novosti-tipka\" title=\"Elektro Merkur - More information\" href=\"\/category\/novosti\/\">News Archive<\/a><\/p>\n<\/div>\n<div id=\"naslovna-onama-wrapper\">\n<div id=\"naslovna-onama-inner\">\n<h2>About us<\/h2>\n<p><b>Elektro Merkur<\/b> is a Company specialised in providing customers with best value for money through superior service and satisfaction and carefully selected assortment of high quality goods, equipment and services in the field of power facilities, industry and construction with maximum responsibility to the customer, society, environment and ourselves, respecting the legal obligation, the rules of the profession and the technical standards.<\/p>\n<div id=\"home-partneri-wrapper\"><a class=\"home-partner home-partner-1\" title=\"Elektro Merkur partner: CTC Global\" href=\"https:\/\/www.ctcglobal.com\/\" target=\"_blank\" rel=\"noopener noreferrer\"><img title=\"CTC Global - Elektro Merkur partner\" src=\"\/wordpress\/wp-content\/uploads\/2017\/10\/elektrpo-merkur-partner-ctc-global.png\" alt=\"Elektro Merkur partner - CTC Global\"><\/a><br \/>\n<a class=\"home-partner home-partner-2\" title=\"Elektro Merkur partner: Siemens\" href=\"http:\/\/www.siemens.com\/businesses\/hr\/hr\/\" target=\"_blank\" rel=\"noopener noreferrer\"><img title=\"Siemens - Elektro Merkur partner\" src=\"\/wordpress\/wp-content\/uploads\/2017\/10\/elektrpo-merkur-partner-ctc-siemens.png\" alt=\"Elektro Merkur partner - Siemens\"><\/a><br \/>\n<a class=\"home-partner home-partner-3\" title=\"Elektro Merkur partner: ABB\" href=\"http:\/\/new.abb.com\/hr\" target=\"_blank\" rel=\"noopener noreferrer\"><img title=\"ABB - Elektro Merkur partner\" src=\"\/wordpress\/wp-content\/uploads\/2017\/10\/elektrpo-merkur-partner-abb.png\" alt=\"Elektro Merkur partner - ABB\"><\/a><br \/>\n<a class=\"home-partner home-partner-4\" title=\"Elektro Merkur partner: Kon\u010dar EVA\" href=\"http:\/\/www.koncar-eva.hr\/\" target=\"_blank\" rel=\"noopener noreferrer\"><img title=\"Kon\u010dar EVA - Elektro Merkur partner\" src=\"\/wordpress\/wp-content\/uploads\/2017\/10\/elektrpo-merkur-partner-koncar-eva.png\" alt=\"Elektro Merkur partner - Kon\u010dar EVA\"><\/a><br \/>\n<a class=\"home-partner home-partner-5\" title=\"Elektro Merkur partner: Dalekovod\" href=\"http:\/\/www.dalekovod.com\/\" target=\"_blank\" rel=\"noopener noreferrer\"><img title=\"Dalekovod - Elektro Merkur partner\" src=\"\/wordpress\/wp-content\/uploads\/2017\/10\/elektrpo-merkur-partner-dalekovod.png\" alt=\"Elektro Merkur partner - Dalekovod\"><\/a><br \/>\n<a class=\"home-partner home-partner-6\" title=\"Elektro Merkur partner: Dalekovod proizvodnja\" href=\"http:\/\/www.dalekovod-proizvodnja.com\/\" target=\"_blank\" rel=\"noopener noreferrer\"><img title=\"Dalekovod proizvodnja - Elektro Merkur partner\" src=\"\/wordpress\/wp-content\/uploads\/2017\/10\/elektrpo-merkur-partner-dalekovod-proizvodnja.png\" alt=\"Elektro Merkur partner - Dalekovod proizvodnja\"><\/a><br \/>\n<a class=\"home-partner home-partner-7\" title=\"Elektro Merkur partner: Metal Product\" href=\"http:\/\/www.metal-product.hr\/\" target=\"_blank\" rel=\"noopener noreferrer\"><img title=\"Metal Product - Elektro Merkur partner\" src=\"\/wordpress\/wp-content\/uploads\/2017\/10\/elektrpo-merkur-partner-metalproduct.png\" alt=\"Elektro Merkur partner - Metal Product\"><\/a><br \/>\n<a class=\"home-partner home-partner-8\" title=\"Elektro Merkur partner: Kon\u010dar - Mjerni transformatori\" href=\"http:\/\/www.koncar-mjt.hr\/\" target=\"_blank\" rel=\"noopener noreferrer\"><img title=\"Kon\u010dar MT - Elektro Merkur partner\" src=\"\/wordpress\/wp-content\/uploads\/2017\/10\/elektrpo-merkur-partner-koncar-mjerni-transformatori.png\" alt=\"Elektro Merkur partner - Kon\u010dar MT\"><\/a><a class=\"home-partner home-partner-9\" title=\"Elektro Merkur partner: Kon\u010dar - Monta\u017eni in\u017eenjering\" href=\"http:\/\/www.koncar-kmi.hr\/\" target=\"_blank\" rel=\"noopener noreferrer\"><img title=\"Kon\u010dar MI - Elektro Merkur partner\" src=\"\/wordpress\/wp-content\/uploads\/2017\/10\/elektrpo-merkur-partner-koncar-montazni-inzenjering.png\" alt=\"Elektro Merkur partner - Kon\u010dar MI\"><\/a><a class=\"home-partner home-partner-11\" title=\"Elektro Merkur partner: Lamifil\" href=\"https:\/\/lamifil.be\/\" target=\"_blank\" rel=\"noopener noreferrer\"><img loading=\"lazy\" class=\"\" title=\"Lamifil - Elektro Merkur partner\" src=\"http:\/\/www.elektromerkur.hr\/wordpress\/wp-content\/uploads\/2017\/06\/lamifil-logo.png\" alt=\"Elektro Merkur partner - Lamifil\" width=\"406\" height=\"138\"><\/a><br \/>\n<a class=\"home-partner home-partner-11\" title=\"Elektro Merkur partner: EMTA\" href=\"http:\/\/emtakablo.com\/\" target=\"_blank\" rel=\"noopener noreferrer\"><img loading=\"lazy\" class=\"\" title=\"EMTA - Elektro Merkur partner\" src=\"http:\/\/www.elektromerkur.hr\/wordpress\/wp-content\/uploads\/2017\/06\/image_intro_emta.png\" alt=\"Elektro Merkur partner - EMTA\" width=\"135\" height=\"207\"><\/a><\/p>\n<div class=\"clearfix\">&nbsp;<\/div>\n<\/div>\n<p><a id=\"onama-tipka\" title=\"Elektro Merkur - More about us\" href=\"\/o-nama\/\">More about us<\/a><\/p>\n<\/div>\n<\/div>\n<div id=\"naslovna-accc-wrapper\">\n<div id=\"naslovna-accc-inner\">\n<h2>ACCC&nbsp;<sup>\u00ae<\/sup> Conductor<\/h2>\n<div id=\"naslovna-accc-left\"><div id=\"metaslider-id-136\" style=\"width: 100%; margin: 0 auto;\" class=\"ml-slider-3-18-2 metaslider metaslider-flex metaslider-136 ml-slider nav-hidden nav-hidden\">\n    <div id=\"metaslider_container_136\">\n        <div id=\"metaslider_136\">\n            <ul aria-live=\"polite\" class=\"slides\">\n                <li style=\"display: block; width: 100%;\" class=\"slide-142 ms-image\"><img src=\"http:\/\/www.elektromerkur.hr\/wordpress\/wp-content\/uploads\/2017\/10\/acc-vodic-slide-1.jpg\" height=\"300\" width=\"500\" alt=\"\" class=\"slider-136 slide-142\" \/><\/li>\n                <li style=\"display: none; width: 100%;\" class=\"slide-143 ms-image\"><img src=\"http:\/\/www.elektromerkur.hr\/wordpress\/wp-content\/uploads\/2017\/10\/acc-vodic-slide-2.jpg\" height=\"300\" width=\"500\" alt=\"\" class=\"slider-136 slide-143\" \/><\/li>\n                <li style=\"display: none; width: 100%;\" class=\"slide-144 ms-image\"><img src=\"http:\/\/www.elektromerkur.hr\/wordpress\/wp-content\/uploads\/2017\/10\/acc-vodic-slide-3.jpg\" height=\"300\" width=\"500\" alt=\"\" class=\"slider-136 slide-144\" \/><\/li>\n                <li style=\"display: none; width: 100%;\" class=\"slide-141 ms-image\"><img src=\"http:\/\/www.elektromerkur.hr\/wordpress\/wp-content\/uploads\/2017\/10\/acc-vodic-slide-4.jpg\" height=\"300\" width=\"500\" alt=\"\" class=\"slider-136 slide-141\" \/><\/li>\n            <\/ul>\n        <\/div>\n        \n    <\/div>\n<\/div><\/div>\n<div id=\"naslovna-accc-right\">\n<p><b>The ACCC&nbsp;<sup>\u00ae<\/sup> Conductor<\/b> (Aluminum Conductor Composite Core) is the world`s most efficient high capacity, low sag transmission conductor. The technology was developed from 2001 to 2005, patented and commercialized in 2006 by CTC Global. ACCC&nbsp;<sup>\u00ae<\/sup> is CTC Global registered trademark.<\/p>\n<p>ACCC&nbsp;<sup>\u00ae<\/sup> is ideal for new projects and reconductoring projects where the line capacity and transfer power needs to be increased.<\/p>\n<div id=\"naslovna-accc-links\"><a id=\"accc-tipka\" title=\"Elektro Merkur - ACCC\u00ae Conductor\" href=\"http:\/\/www.elektromerkur.hr\/en\/accc-vodic\/\">More about ACCC&nbsp;<sup>\u00ae<\/sup> conductor<\/a><a id=\"accc-tipka\" title=\"Elektro Merkur - ACCC\u00ae Conductor brochure\" href=\"http:\/\/www.elektromerkur.hr\/wordpress\/wp-content\/uploads\/2017\/11\/ACCC-Brochure.pdf\">&nbsp;ACCC&nbsp;<sup>\u00ae<\/sup>Conductor &#8211; Brochure<\/a><\/div>\n<\/div>\n<div class=\"clearfix\">&nbsp;<\/div>\n<\/div>\n<\/div>","protected":false},"excerpt":{"rendered":"<p>Recent News &nbsp; News Archive About us Elektro Merkur is a Company specialised in providing customers with best value for [&hellip;]<\/p>\n","protected":false},"author":1,"featured_media":0,"parent":0,"menu_order":0,"comment_status":"closed","ping_status":"closed","template":"templates\/template-full-notitle.php","meta":{"ngg_post_thumbnail":0},"_links":{"self":[{"href":"http:\/\/www.elektromerkur.hr\/en\/wp-json\/wp\/v2\/pages\/56"}],"collection":[{"href":"http:\/\/www.elektromerkur.hr\/en\/wp-json\/wp\/v2\/pages"}],"about":[{"href":"http:\/\/www.elektromerkur.hr\/en\/wp-json\/wp\/v2\/types\/page"}],"author":[{"embeddable":true,"href":"http:\/\/www.elektromerkur.hr\/en\/wp-json\/wp\/v2\/users\/1"}],"replies":[{"embeddable":true,"href":"http:\/\/www.elektromerkur.hr\/en\/wp-json\/wp\/v2\/comments?post=56"}],"version-history":[{"count":52,"href":"http:\/\/www.elektromerkur.hr\/en\/wp-json\/wp\/v2\/pages\/56\/revisions"}],"predecessor-version":[{"id":1086,"href":"http:\/\/www.elektromerkur.hr\/en\/wp-json\/wp\/v2\/pages\/56\/revisions\/1086"}],"wp:attachment":[{"href":"http:\/\/www.elektromerkur.hr\/en\/wp-json\/wp\/v2\/media?parent=56"}],"curies":[{"name":"wp","href":"https:\/\/api.w.org\/{rel}","templated":true}]}}